{"id":145,"date":"2019-01-11T14:57:17","date_gmt":"2019-01-11T14:57:17","guid":{"rendered":"http:\/\/aethrio.codibee.solutions\/?page_id=145"},"modified":"2019-11-27T10:06:50","modified_gmt":"2019-11-27T10:06:50","slug":"greek-traditional-breakfast","status":"publish","type":"page","link":"https:\/\/www.aethrio.gr\/fr\/greek-traditional-breakfast\/","title":{"rendered":"Petit D\u00e9jeuner Grec"},"content":{"rendered":"<p>Depuis 2017, l&#8217;h\u00f4tel Aethrio a obtenu une licence sp\u00e9ciale pour servir \u00e0 tous ses clients un petit-d\u00e9jeuner portant le label &#8220;petit-d\u00e9jeuner traditionnel grec&#8221;. Pr\u00e9sent\u00e9 sous forme de deux buffets, voici ce que nous proposons tous les jours:<\/p>\n<p>Caf\u00e9, th\u00e9, tisanes locales, lait froid et chaud, chocolat en poudre pour enfants, jus de fruits, pain blanc et noir, biscottes, feuillet\u00e9s ou croissants locaux, fromages locaux et f\u00e9ta AOC, \u00e9paule de porc, fruits de saison, yogourt \u00e0 la grecque, cro\u00fbtons sucr\u00e9s et sal\u00e9s ou biscuits locaux, olives grecques, miel local, confiture maison, p\u00e2te \u00e0 tartine chocolat \/ noisettes, salade du jour (grecque, feuilles de vigne, lentilles, mavromatika), cake fait maison ou brioche locale (Tsoureki).<\/p>\n<p>&nbsp;<\/p>\n<p><img loading=\"lazy\" decoding=\"async\" class=\"alignnone size-medium wp-image-168\" src=\"https:\/\/www.aethrio.gr\/wp-content\/uploads\/sites\/352\/2019\/01\/greek-breakfast-aethrio-hotel-300x105.png\" alt=\"greek breakfast aethrio hotel\" width=\"300\" height=\"105\" srcset=\"https:\/\/www.aethrio.gr\/wp-content\/uploads\/sites\/352\/2019\/01\/greek-breakfast-aethrio-hotel-300x105.png 300w, https:\/\/www.aethrio.gr\/wp-content\/uploads\/sites\/352\/2019\/01\/greek-breakfast-aethrio-hotel-320x112.png 320w, https:\/\/www.aethrio.gr\/wp-content\/uploads\/sites\/352\/2019\/01\/greek-breakfast-aethrio-hotel.png 433w\" sizes=\"auto, (max-width: 300px) 100vw, 300px\" \/><\/p>\n<p>&nbsp;<\/p>\n<p>Cette licence sp\u00e9ciale approuv\u00e9e par Eurocert certifie des produits maison ou frais, fabriqu\u00e9s localement et garantis par AOP ou AOC.\u00a0Ainsi, les h\u00f4tes de l\u2019Aethrio pourront profiter de d\u00e9licieuses richesses de la grande gastronomie grecque.<\/p>\n<p><br><br><div class=\"gallery clearfix\"><div class=\"grid-sizer\"><\/div><dl class=\"gallery-item\"><dt class=\"gallery-icon\"><a href=\"https:\/\/www.aethrio.gr\/wp-content\/uploads\/sites\/352\/2019\/01\/BUFFET-BREAKFAST-3-1024x683.jpg\"><img loading=\"lazy\" decoding=\"async\" width=\"320\" height=\"213\" src=\"https:\/\/www.aethrio.gr\/wp-content\/uploads\/sites\/352\/2019\/01\/BUFFET-BREAKFAST-3-320x213.jpg\" class=\"attachment-small-mobile size-small-mobile\" alt=\"\" srcset=\"https:\/\/www.aethrio.gr\/wp-content\/uploads\/sites\/352\/2019\/01\/BUFFET-BREAKFAST-3-320x213.jpg 320w, https:\/\/www.aethrio.gr\/wp-content\/uploads\/sites\/352\/2019\/01\/BUFFET-BREAKFAST-3-300x200.jpg 300w, https:\/\/www.aethrio.gr\/wp-content\/uploads\/sites\/352\/2019\/01\/BUFFET-BREAKFAST-3-1024x683.jpg 1024w, https:\/\/www.aethrio.gr\/wp-content\/uploads\/sites\/352\/2019\/01\/BUFFET-BREAKFAST-3-1280x853.jpg 1280w, https:\/\/www.aethrio.gr\/wp-content\/uploads\/sites\/352\/2019\/01\/BUFFET-BREAKFAST-3-680x453.jpg 680w, https:\/\/www.aethrio.gr\/wp-content\/uploads\/sites\/352\/2019\/01\/BUFFET-BREAKFAST-3-1920x1280.jpg 1920w\" sizes=\"auto, (max-width: 320px) 100vw, 320px\" \/><\/a><\/dt><\/dl><dl class=\"gallery-item\"><dt class=\"gallery-icon\"><a href=\"https:\/\/www.aethrio.gr\/wp-content\/uploads\/sites\/352\/2019\/01\/BUFFET-BREAKFAST-2-1024x683.jpg\"><img loading=\"lazy\" decoding=\"async\" width=\"320\" height=\"213\" src=\"https:\/\/www.aethrio.gr\/wp-content\/uploads\/sites\/352\/2019\/01\/BUFFET-BREAKFAST-2-320x213.jpg\" class=\"attachment-small-mobile size-small-mobile\" alt=\"\" srcset=\"https:\/\/www.aethrio.gr\/wp-content\/uploads\/sites\/352\/2019\/01\/BUFFET-BREAKFAST-2-320x213.jpg 320w, https:\/\/www.aethrio.gr\/wp-content\/uploads\/sites\/352\/2019\/01\/BUFFET-BREAKFAST-2-300x200.jpg 300w, https:\/\/www.aethrio.gr\/wp-content\/uploads\/sites\/352\/2019\/01\/BUFFET-BREAKFAST-2-1024x683.jpg 1024w, https:\/\/www.aethrio.gr\/wp-content\/uploads\/sites\/352\/2019\/01\/BUFFET-BREAKFAST-2-1280x854.jpg 1280w, https:\/\/www.aethrio.gr\/wp-content\/uploads\/sites\/352\/2019\/01\/BUFFET-BREAKFAST-2-680x453.jpg 680w, https:\/\/www.aethrio.gr\/wp-content\/uploads\/sites\/352\/2019\/01\/BUFFET-BREAKFAST-2-1920x1280.jpg 1920w\" sizes=\"auto, (max-width: 320px) 100vw, 320px\" \/><\/a><\/dt><\/dl><dl class=\"gallery-item\"><dt class=\"gallery-icon\"><a href=\"https:\/\/www.aethrio.gr\/wp-content\/uploads\/sites\/352\/2019\/01\/BUFFET-BREAKFAST-1-1024x683.jpg\"><img loading=\"lazy\" decoding=\"async\" width=\"320\" height=\"213\" src=\"https:\/\/www.aethrio.gr\/wp-content\/uploads\/sites\/352\/2019\/01\/BUFFET-BREAKFAST-1-320x213.jpg\" class=\"attachment-small-mobile size-small-mobile\" alt=\"\" srcset=\"https:\/\/www.aethrio.gr\/wp-content\/uploads\/sites\/352\/2019\/01\/BUFFET-BREAKFAST-1-320x213.jpg 320w, https:\/\/www.aethrio.gr\/wp-content\/uploads\/sites\/352\/2019\/01\/BUFFET-BREAKFAST-1-300x200.jpg 300w, https:\/\/www.aethrio.gr\/wp-content\/uploads\/sites\/352\/2019\/01\/BUFFET-BREAKFAST-1-1024x683.jpg 1024w, https:\/\/www.aethrio.gr\/wp-content\/uploads\/sites\/352\/2019\/01\/BUFFET-BREAKFAST-1-1280x853.jpg 1280w, https:\/\/www.aethrio.gr\/wp-content\/uploads\/sites\/352\/2019\/01\/BUFFET-BREAKFAST-1-680x453.jpg 680w, https:\/\/www.aethrio.gr\/wp-content\/uploads\/sites\/352\/2019\/01\/BUFFET-BREAKFAST-1-1920x1280.jpg 1920w\" sizes=\"auto, (max-width: 320px) 100vw, 320px\" \/><\/a><\/dt><\/dl><\/div><\/p>","protected":false},"excerpt":{"rendered":"<p>Depuis 2017, l&#8217;h\u00f4tel Aethrio a obtenu une licence sp\u00e9ciale pour servir \u00e0 tous ses clients un petit-d\u00e9jeuner portant le label &#8220;petit-d\u00e9jeuner traditionnel grec&#8221;.<\/p>\n","protected":false},"author":14,"featured_media":167,"parent":0,"menu_order":0,"comment_status":"closed","ping_status":"closed","template":"","meta":{"footnotes":""},"class_list":["post-145","page","type-page","status-publish","has-post-thumbnail","hentry"],"_links":{"self":[{"href":"https:\/\/www.aethrio.gr\/fr\/wp-json\/wp\/v2\/pages\/145","targetHints":{"allow":["GET"]}}],"collection":[{"href":"https:\/\/www.aethrio.gr\/fr\/wp-json\/wp\/v2\/pages"}],"about":[{"href":"https:\/\/www.aethrio.gr\/fr\/wp-json\/wp\/v2\/types\/page"}],"author":[{"embeddable":true,"href":"https:\/\/www.aethrio.gr\/fr\/wp-json\/wp\/v2\/users\/14"}],"replies":[{"embeddable":true,"href":"https:\/\/www.aethrio.gr\/fr\/wp-json\/wp\/v2\/comments?post=145"}],"version-history":[{"count":10,"href":"https:\/\/www.aethrio.gr\/fr\/wp-json\/wp\/v2\/pages\/145\/revisions"}],"predecessor-version":[{"id":377,"href":"https:\/\/www.aethrio.gr\/fr\/wp-json\/wp\/v2\/pages\/145\/revisions\/377"}],"wp:featuredmedia":[{"embeddable":true,"href":"https:\/\/www.aethrio.gr\/fr\/wp-json\/wp\/v2\/media\/167"}],"wp:attachment":[{"href":"https:\/\/www.aethrio.gr\/fr\/wp-json\/wp\/v2\/media?parent=145"}],"curies":[{"name":"wp","href":"https:\/\/api.w.org\/{rel}","templated":true}]}}