{"id":21,"date":"2019-01-03T14:13:04","date_gmt":"2019-01-03T14:13:04","guid":{"rendered":"http:\/\/aethrio.codibee.solutions\/extra-page-three\/"},"modified":"2022-12-05T12:27:44","modified_gmt":"2022-12-05T12:27:44","slug":"transfer-service","status":"publish","type":"page","link":"https:\/\/www.aethrio.gr\/fr\/transfer-service\/","title":{"rendered":"Service de Transfert"},"content":{"rendered":"<p>D\u00e8s que vous arriverez au port ou \u00e0 l&rsquo;a\u00e9roport, un chauffeur d&rsquo;une compagnie de bus partenaire vous attendra avec l&rsquo;affichage de votre nom. Ainsi, pas de stress pour trouver un taxi, vous \u00e9viterez les arnaques chez certains transporteurs sans permis (et donc sans assurance ad\u00e9quate), vous gagnerez du temps lors des arriv\u00e9es massives de haute saison, vos enfants ne subiront pas la chaleur lors d&rsquo;une attente impr\u00e9vue.<\/p>\n<h2>Bon \u00e0 savoir:<\/h2>\n<p>&#8211; Le r\u00e9seau de bus local \u00e0 Santorin est tr\u00e8s restrictif en haute saison. Ils sont rapidement complets, les temps d\u2019attente sont fr\u00e9quents et une escale \u00e0 Fira avec changement de bus est n\u00e9cessaire pour rejoindre notre h\u00f4tel. C&rsquo;est compliqu\u00e9 pour les arriv\u00e9es tardives ou la nuit car toutes les lignes ne sont pas ouvertes 24h \/ 24.<br \/>\n&#8211; Il y a souvent une p\u00e9nurie de taxis en haute saison. L&rsquo;attente est souvent fastidieuse. Parfois, les conducteurs choisissent des clients pour assurer la course la plus longue possible (en remplissant leur v\u00e9hicule au maximum, avec d\u2019autres voyageurs que vous ne connaissez pas).<\/p>\n<p>&nbsp;<\/p>\n<h2>TARIFS DES TRANSFERT:<\/h2>\n<p>Un transfert (non privatif, c&rsquo;est a dire partag\u00e9 avec d&rsquo;autres clients) a\u00e9roport \/ port-h\u00f4tel et vice versa peut \u00eatre fourni au prix total de 45 \u20ac de une personne\u00a0\u00e0 quatre personnes ensemble, et de 12\u20ac par passager \u00e0 partir de 5 personnes et plus. Ces tarifs s&rsquo;entendent par trajet, ils seront pay\u00e9s \u00e0 l&rsquo;arriv\u00e9e \u00e0 la r\u00e9ception. Un suppl\u00e9ment total de 15\u20ac sera appliqu\u00e9 pour toute arriv\u00e9e pr\u00e9vue ( \u00e0 l\u2019a\u00e9roport ou au port) entre 22h30 et 06h00. Le prix des transferts prives est en demande.<\/p>\n<p>R\u00c9SERVEZ VOTRE TRANSFERT PAR E-MAIL: info (@) aethrio.gr, OU PAR T\u00c9L\u00c9PHONE. MENTIONNEZ LES DATES, LES NOMS DE FERRY OU LE NUM\u00c9RO DE VOL DE VOTRE VOL ET LEURS HEURES D&rsquo;ARRIV\u00c9E OU DE D\u00c9PART.<\/p>","protected":false},"excerpt":{"rendered":"<p>D\u00e8s que vous arriverez au port ou \u00e0 l&rsquo;a\u00e9roport, un chauffeur d&rsquo;une compagnie de bus partenaire vous attendra avec l&rsquo;affichage de votre nom.<\/p>\n","protected":false},"author":1,"featured_media":42,"parent":0,"menu_order":0,"comment_status":"closed","ping_status":"closed","template":"","meta":{"footnotes":""},"class_list":["post-21","page","type-page","status-publish","has-post-thumbnail","hentry"],"_links":{"self":[{"href":"https:\/\/www.aethrio.gr\/fr\/wp-json\/wp\/v2\/pages\/21","targetHints":{"allow":["GET"]}}],"collection":[{"href":"https:\/\/www.aethrio.gr\/fr\/wp-json\/wp\/v2\/pages"}],"about":[{"href":"https:\/\/www.aethrio.gr\/fr\/wp-json\/wp\/v2\/types\/page"}],"author":[{"embeddable":true,"href":"https:\/\/www.aethrio.gr\/fr\/wp-json\/wp\/v2\/users\/1"}],"replies":[{"embeddable":true,"href":"https:\/\/www.aethrio.gr\/fr\/wp-json\/wp\/v2\/comments?post=21"}],"version-history":[{"count":11,"href":"https:\/\/www.aethrio.gr\/fr\/wp-json\/wp\/v2\/pages\/21\/revisions"}],"predecessor-version":[{"id":469,"href":"https:\/\/www.aethrio.gr\/fr\/wp-json\/wp\/v2\/pages\/21\/revisions\/469"}],"wp:featuredmedia":[{"embeddable":true,"href":"https:\/\/www.aethrio.gr\/fr\/wp-json\/wp\/v2\/media\/42"}],"wp:attachment":[{"href":"https:\/\/www.aethrio.gr\/fr\/wp-json\/wp\/v2\/media?parent=21"}],"curies":[{"name":"wp","href":"https:\/\/api.w.org\/{rel}","templated":true}]}}