{"id":4,"date":"2019-01-03T14:13:03","date_gmt":"2019-01-03T14:13:03","guid":{"rendered":"http:\/\/aethrio.codibee.solutions\/home\/"},"modified":"2019-02-12T10:28:54","modified_gmt":"2019-02-12T10:28:54","slug":"home","status":"publish","type":"page","link":"https:\/\/www.aethrio.gr\/fr\/","title":{"rendered":"Accueil"},"content":{"rendered":"<p>BIENVENUE A L\u2019HOTEL AETHRIO.<\/p>\n<p>L\u2019AETHRIO, un h\u00f4tel traditionnel unique, situ\u00e9 \u00a0au c\u0153ur du village d\u2019Oia, dans l\u2019ile de Santorin. Surplombant le coucher du soleil en fin de journ\u00e9e, l\u2019h\u00f4tel se situe derri\u00e8re la place de l\u2019\u00e9glise principale du village. D\u00e9di\u00e9 au confort, au plaisir et \u00e0 l\u2019enti\u00e8re satisfaction de ses clients, l\u2019Aethrio est un havre de paix, \u00e0 deux pas seulement des principaux centres d\u2019int\u00e9r\u00eat du village : restaurants, magasins, et surtout la superbe promenade le long de la Caldeira.<\/p>\n<p><\/p>","protected":false},"excerpt":{"rendered":"<p>BIENVENUE A L\u2019HOTEL AETHRIO. L\u2019AETHRIO, un h\u00f4tel traditionnel unique, situ\u00e9 \u00a0au c\u0153ur du village d\u2019Oia, dans l\u2019ile de Santorin. Surplombant le coucher du soleil en fin de journ\u00e9e, l\u2019h\u00f4tel se situe derri\u00e8re la place de l\u2019\u00e9glise principale du village. D\u00e9di\u00e9 au confort, au plaisir et \u00e0 l\u2019enti\u00e8re satisfaction de ses clients, l\u2019Aethrio est un havre [&hellip;]<\/p>\n","protected":false},"author":1,"featured_media":58,"parent":0,"menu_order":0,"comment_status":"closed","ping_status":"closed","template":"","meta":{"footnotes":""},"class_list":["post-4","page","type-page","status-publish","has-post-thumbnail","hentry"],"_links":{"self":[{"href":"https:\/\/www.aethrio.gr\/fr\/wp-json\/wp\/v2\/pages\/4","targetHints":{"allow":["GET"]}}],"collection":[{"href":"https:\/\/www.aethrio.gr\/fr\/wp-json\/wp\/v2\/pages"}],"about":[{"href":"https:\/\/www.aethrio.gr\/fr\/wp-json\/wp\/v2\/types\/page"}],"author":[{"embeddable":true,"href":"https:\/\/www.aethrio.gr\/fr\/wp-json\/wp\/v2\/users\/1"}],"replies":[{"embeddable":true,"href":"https:\/\/www.aethrio.gr\/fr\/wp-json\/wp\/v2\/comments?post=4"}],"version-history":[{"count":12,"href":"https:\/\/www.aethrio.gr\/fr\/wp-json\/wp\/v2\/pages\/4\/revisions"}],"predecessor-version":[{"id":298,"href":"https:\/\/www.aethrio.gr\/fr\/wp-json\/wp\/v2\/pages\/4\/revisions\/298"}],"wp:featuredmedia":[{"embeddable":true,"href":"https:\/\/www.aethrio.gr\/fr\/wp-json\/wp\/v2\/media\/58"}],"wp:attachment":[{"href":"https:\/\/www.aethrio.gr\/fr\/wp-json\/wp\/v2\/media?parent=4"}],"curies":[{"name":"wp","href":"https:\/\/api.w.org\/{rel}","templated":true}]}}