{"id":5,"date":"2019-01-03T14:13:03","date_gmt":"2019-01-03T14:13:03","guid":{"rendered":"http:\/\/aethrio.codibee.solutions\/accommodation\/"},"modified":"2019-01-18T08:13:28","modified_gmt":"2019-01-18T08:13:28","slug":"santorini-hotel","status":"publish","type":"page","link":"https:\/\/www.aethrio.gr\/fr\/santorini-hotel\/","title":{"rendered":"Logements"},"content":{"rendered":"<p>L\u2019h\u00f4tel\u00a0Aethrio accueille en\u00a0priorit\u00e9\u00a0des voyageurs individuels, mais aussi des petits groupes de Yoga. Pour cette raison, 19 logements seulement sont propos\u00e9s\u00a0: studios, appartements traditionnels et chambres\u00a0sup\u00e9rieures\u00a0plus\u00a0spacieuses, tous\u00a0\u00e9labor\u00e9s\u00a0dans le plus pur style Cycladique, en plein c\u0153ur d\u2019Oia.<\/p>\n<p>Les merveilleux et spacieux plafonds vo\u00fbt\u00e9s promettent une fra\u00eecheur naturelle par temps chaud. Les pierres naturelles de l&#8217;\u00eele ont \u00e9t\u00e9 utilis\u00e9es comme mat\u00e9riau de construction. Vous retrouverez donc les couleurs naturelles de Santorin dans l&#8217;h\u00f4tel. Sur une superficie de plus de 2 000 m\u00e8tres carr\u00e9s, Aethrio est un petit royaume de s\u00e9r\u00e9nit\u00e9 pour vous et vos r\u00eaves.<\/p>","protected":false},"excerpt":{"rendered":"<p>L\u2019h\u00f4tel Aethrio accueille en priorit\u00e9 des voyageurs individuels, mais aussi des petits groupes de Yoga. Pour cette raison, 19 logements seulement sont propos\u00e9s : studios, appartements traditionnels et chambres sup\u00e9rieures plus spacieuses, tous \u00e9labor\u00e9s dans le plus pur style Cycladique, en plein c\u0153ur d\u2019Oia.<\/p>\n<p>Les merveilleux et spacieux plafonds vo\u00fbt\u00e9s promettent une fra\u00eecheur naturelle par temps chaud. Les pierres naturelles de l&#8217;\u00eele ont \u00e9t\u00e9 utilis\u00e9es comme mat\u00e9riau de construction.<\/p>\n","protected":false},"author":1,"featured_media":64,"parent":0,"menu_order":0,"comment_status":"closed","ping_status":"closed","template":"page_rooms.php","meta":{"footnotes":""},"class_list":["post-5","page","type-page","status-publish","has-post-thumbnail","hentry"],"_links":{"self":[{"href":"https:\/\/www.aethrio.gr\/fr\/wp-json\/wp\/v2\/pages\/5","targetHints":{"allow":["GET"]}}],"collection":[{"href":"https:\/\/www.aethrio.gr\/fr\/wp-json\/wp\/v2\/pages"}],"about":[{"href":"https:\/\/www.aethrio.gr\/fr\/wp-json\/wp\/v2\/types\/page"}],"author":[{"embeddable":true,"href":"https:\/\/www.aethrio.gr\/fr\/wp-json\/wp\/v2\/users\/1"}],"replies":[{"embeddable":true,"href":"https:\/\/www.aethrio.gr\/fr\/wp-json\/wp\/v2\/comments?post=5"}],"version-history":[{"count":2,"href":"https:\/\/www.aethrio.gr\/fr\/wp-json\/wp\/v2\/pages\/5\/revisions"}],"predecessor-version":[{"id":223,"href":"https:\/\/www.aethrio.gr\/fr\/wp-json\/wp\/v2\/pages\/5\/revisions\/223"}],"wp:featuredmedia":[{"embeddable":true,"href":"https:\/\/www.aethrio.gr\/fr\/wp-json\/wp\/v2\/media\/64"}],"wp:attachment":[{"href":"https:\/\/www.aethrio.gr\/fr\/wp-json\/wp\/v2\/media?parent=5"}],"curies":[{"name":"wp","href":"https:\/\/api.w.org\/{rel}","templated":true}]}}